{"id":4009,"date":"2026-01-26T21:17:39","date_gmt":"2026-01-26T21:17:39","guid":{"rendered":"https:\/\/lukinichattila.com\/home\/?page_id=4009"},"modified":"2026-01-26T21:34:45","modified_gmt":"2026-01-26T21:34:45","slug":"arak","status":"publish","type":"page","link":"https:\/\/lukinichattila.com\/home\/arak\/","title":{"rendered":"\u00c1rak"},"content":{"rendered":"\t\t<div data-elementor-type=\"wp-page\" data-elementor-id=\"4009\" class=\"elementor elementor-4009\">\n\t\t\t\t<div class=\"elementor-element elementor-element-8e13355 e-flex e-con-boxed e-con e-parent\" data-id=\"8e13355\" data-element_type=\"container\">\n\t\t\t\t\t<div class=\"e-con-inner\">\n\t\t\t\t<div class=\"elementor-element elementor-element-ceb8595 elementor-invisible elementor-widget elementor-widget-heading\" data-id=\"ceb8595\" data-element_type=\"widget\" data-settings=\"{&quot;_animation&quot;:&quot;slideInRight&quot;}\" data-widget_type=\"heading.default\">\n\t\t\t\t\t<h2 class=\"elementor-heading-title elementor-size-default\">Felv\u00e9tel<\/h2>\t\t\t\t<\/div>\n\t\t\t\t\t<\/div>\n\t\t\t\t<\/div>\n\t\t<div class=\"elementor-element elementor-element-b35fb5c e-flex e-con-boxed e-con e-parent\" data-id=\"b35fb5c\" data-element_type=\"container\">\n\t\t\t\t\t<div class=\"e-con-inner\">\n\t\t\t\t<div class=\"elementor-element elementor-element-4c76f4a elementor-invisible elementor-widget elementor-widget-text-editor\" data-id=\"4c76f4a\" data-element_type=\"widget\" data-settings=\"{&quot;_animation&quot;:&quot;slideInRight&quot;}\" data-widget_type=\"text-editor.default\">\n\t\t\t\t\t\t\t\t\t<p>A st\u00fadi\u00f3m teljes k\u00f6r\u0171 audio-produkci\u00f3s szolg\u00e1ltat\u00e1sokat k\u00edn\u00e1l, minden t\u00edpus\u00fa alkot\u00f3 sz\u00e1m\u00e1ra. A zenekari felv\u00e9telekt\u0151l, helysz\u00edni felv\u00e9teleken \u00e1t, a zenei \u00e9s hangmunk\u00e1kig, rekl\u00e1mokhoz, hangosk\u00f6nyvekhez \u00e9s podcastokhoz tiszta hangz\u00e1st biztos\u00edtunk ipar\u00e1gvezet\u0151 felv\u00e9teli technol\u00f3gi\u00e1val. D\u00edj: 20 eur\u00f3 \u00f3r\u00e1nk\u00e9nt.<\/p>\t\t\t\t\t\t\t\t<\/div>\n\t\t\t\t\t<\/div>\n\t\t\t\t<\/div>\n\t\t<div class=\"elementor-element elementor-element-30e721f e-flex e-con-boxed e-con e-parent\" data-id=\"30e721f\" data-element_type=\"container\">\n\t\t\t\t\t<div class=\"e-con-inner\">\n\t\t\t\t<div class=\"elementor-element elementor-element-daf0765 elementor-invisible elementor-widget elementor-widget-heading\" data-id=\"daf0765\" data-element_type=\"widget\" data-settings=\"{&quot;_animation&quot;:&quot;slideInLeft&quot;}\" data-widget_type=\"heading.default\">\n\t\t\t\t\t<h2 class=\"elementor-heading-title elementor-size-default\">Kever\u00e9s<\/h2>\t\t\t\t<\/div>\n\t\t\t\t\t<\/div>\n\t\t\t\t<\/div>\n\t\t<div class=\"elementor-element elementor-element-3fb1b7f e-flex e-con-boxed e-con e-parent\" data-id=\"3fb1b7f\" data-element_type=\"container\">\n\t\t\t\t\t<div class=\"e-con-inner\">\n\t\t\t\t<div class=\"elementor-element elementor-element-e9aa059 elementor-invisible elementor-widget elementor-widget-text-editor\" data-id=\"e9aa059\" data-element_type=\"widget\" data-settings=\"{&quot;_animation&quot;:&quot;slideInLeft&quot;}\" data-widget_type=\"text-editor.default\">\n\t\t\t\t\t\t\t\t\t<p>Nem sz\u00e1m\u00edt, hogy egy j\u00e1t\u00e9kfilm surroundban val\u00f3 kever\u00e9s\u00e9re van-e sz\u00fcks\u00e9g, nem sz\u00e1m\u00edt, hogy zene-e \u00e9s milyen m\u0171faj\u00fa, nem sz\u00e1m\u00edt, hogy hangosk\u00f6nyvr\u0151l, rekl\u00e1mr\u00f3l, egy zenekar vagy egy zenekar\/zenekari \u00e9l\u0151 felv\u00e9tel\u00e9r\u0151l van-e sz\u00f3, \u00e9n a hangodat a lehet\u0151 legteljesebb potenci\u00e1lj\u00e1ra finom\u00edtom. T\u00f6bb mint 25 \u00e9v gyakorlati tapasztalat biztos\u00edtja az egyens\u00falyos, er\u0151teljes kever\u00e9st, amely minden lej\u00e1tsz\u00f3 rendszeren j\u00f3l sz\u00f3l. K\u00e9rlek, vedd fel velem a kapcsolatot az \u00e1r miatt, mivel az a projekt bonyolults\u00e1g\u00e1t\u00f3l f\u00fcgg.<\/p>\t\t\t\t\t\t\t\t<\/div>\n\t\t\t\t\t<\/div>\n\t\t\t\t<\/div>\n\t\t<div class=\"elementor-element elementor-element-238cd50 e-flex e-con-boxed e-con e-parent\" data-id=\"238cd50\" data-element_type=\"container\">\n\t\t\t\t\t<div class=\"e-con-inner\">\n\t\t\t\t<div class=\"elementor-element elementor-element-f60ce55 elementor-invisible elementor-widget elementor-widget-heading\" data-id=\"f60ce55\" data-element_type=\"widget\" data-settings=\"{&quot;_animation&quot;:&quot;slideInRight&quot;}\" data-widget_type=\"heading.default\">\n\t\t\t\t\t<h2 class=\"elementor-heading-title elementor-size-default\">Mastering<\/h2>\t\t\t\t<\/div>\n\t\t\t\t\t<\/div>\n\t\t\t\t<\/div>\n\t\t<div class=\"elementor-element elementor-element-82f8150 e-flex e-con-boxed e-con e-parent\" data-id=\"82f8150\" data-element_type=\"container\">\n\t\t\t\t\t<div class=\"e-con-inner\">\n\t\t\t\t<div class=\"elementor-element elementor-element-aeb02a0 elementor-invisible elementor-widget elementor-widget-text-editor\" data-id=\"aeb02a0\" data-element_type=\"widget\" data-settings=\"{&quot;_animation&quot;:&quot;slideInRight&quot;}\" data-widget_type=\"text-editor.default\">\n\t\t\t\t\t\t\t\t\t<p>Olyan masztereket k\u00e9sz\u00edtek, amelyek k\u00e9szen \u00e1llnak a kiad\u00e1sra \u00e9s a legmagasabb szinten versenyezhetnek. A modern eszk\u00f6z\u00f6ket szak\u00e9rt\u0151i technik\u00e1val \u00f6tv\u00f6zve biztos\u00edtom a tisztas\u00e1got, az \u00fct\u0151ss\u00e9get \u00e9s a k\u00f6vetkezetess\u00e9get minden lej\u00e1tsz\u00f3 rendszeren. D\u00edj: 20 eur\u00f3 dalonk\u00e9nt.<\/p>\t\t\t\t\t\t\t\t<\/div>\n\t\t\t\t\t<\/div>\n\t\t\t\t<\/div>\n\t\t<div class=\"elementor-element elementor-element-3b193f1 e-flex e-con-boxed e-con e-parent\" data-id=\"3b193f1\" data-element_type=\"container\">\n\t\t\t\t\t<div class=\"e-con-inner\">\n\t\t\t\t<div class=\"elementor-element elementor-element-5cd32af elementor-invisible elementor-widget elementor-widget-heading\" data-id=\"5cd32af\" data-element_type=\"widget\" data-settings=\"{&quot;_animation&quot;:&quot;slideInLeft&quot;}\" data-widget_type=\"heading.default\">\n\t\t\t\t\t<h2 class=\"elementor-heading-title elementor-size-default\">Voice over <\/h2>\t\t\t\t<\/div>\n\t\t\t\t\t<\/div>\n\t\t\t\t<\/div>\n\t\t<div class=\"elementor-element elementor-element-15ed972 e-flex e-con-boxed e-con e-parent\" data-id=\"15ed972\" data-element_type=\"container\">\n\t\t\t\t\t<div class=\"e-con-inner\">\n\t\t\t\t<div class=\"elementor-element elementor-element-a8e397c elementor-invisible elementor-widget elementor-widget-text-editor\" data-id=\"a8e397c\" data-element_type=\"widget\" data-settings=\"{&quot;_animation&quot;:&quot;slideInLeft&quot;}\" data-widget_type=\"text-editor.default\">\n\t\t\t\t\t\t\t\t\t<p>A st\u00fadi\u00f3m akusztikailag kezelt felv\u00e9teli szob\u00e1t, pr\u00e9mium mikrofonokat \u00e9s felv\u00e9teli eszk\u00f6z\u00f6ket k\u00edn\u00e1l, hogy leny\u0171g\u00f6z\u0151 teljes\u00edtm\u00e9nyeket r\u00f6gz\u00edthess rekl\u00e1mokhoz, filmekhez, hangosk\u00f6nyvekhez \u00e9s digit\u00e1lis m\u00e9di\u00e1hoz. D\u00edj: 20 eur\u00f3 \u00f3r\u00e1nk\u00e9nt.<\/p>\t\t\t\t\t\t\t\t<\/div>\n\t\t\t\t\t<\/div>\n\t\t\t\t<\/div>\n\t\t<div class=\"elementor-element elementor-element-4944b16 e-flex e-con-boxed e-con e-parent\" data-id=\"4944b16\" data-element_type=\"container\">\n\t\t\t\t\t<div class=\"e-con-inner\">\n\t\t\t\t<div class=\"elementor-element elementor-element-90a07dc elementor-invisible elementor-widget elementor-widget-heading\" data-id=\"90a07dc\" data-element_type=\"widget\" data-settings=\"{&quot;_animation&quot;:&quot;slideInRight&quot;}\" data-widget_type=\"heading.default\">\n\t\t\t\t\t<h2 class=\"elementor-heading-title elementor-size-default\">Audio produkci\u00f3<\/h2>\t\t\t\t<\/div>\n\t\t\t\t\t<\/div>\n\t\t\t\t<\/div>\n\t\t<div class=\"elementor-element elementor-element-e5457ce e-flex e-con-boxed e-con e-parent\" data-id=\"e5457ce\" data-element_type=\"container\">\n\t\t\t\t\t<div class=\"e-con-inner\">\n\t\t\t\t<div class=\"elementor-element elementor-element-eb2efb6 elementor-invisible elementor-widget elementor-widget-text-editor\" data-id=\"eb2efb6\" data-element_type=\"widget\" data-settings=\"{&quot;_animation&quot;:&quot;slideInRight&quot;}\" data-widget_type=\"text-editor.default\">\n\t\t\t\t\t\t\t\t\t<p>T\u00e1mogatom a projektedet minden szakasz\u00e1ban, seg\u00edtve az \u00f6tletek nyers form\u00e1j\u00e1t teljesen kidolgozott, st\u00fadi\u00f3min\u0151s\u00e9g\u0171 produkci\u00f3kk\u00e1 alak\u00edtani. D\u00edj: 20 eur\u00f3 \u00f3r\u00e1nk\u00e9nt.<\/p>\t\t\t\t\t\t\t\t<\/div>\n\t\t\t\t\t<\/div>\n\t\t\t\t<\/div>\n\t\t<div class=\"elementor-element elementor-element-2db10a8 e-flex e-con-boxed e-con e-parent\" data-id=\"2db10a8\" data-element_type=\"container\">\n\t\t\t\t\t<div class=\"e-con-inner\">\n\t\t\t\t<div class=\"elementor-element elementor-element-ec53605 elementor-invisible elementor-widget elementor-widget-heading\" data-id=\"ec53605\" data-element_type=\"widget\" data-settings=\"{&quot;_animation&quot;:&quot;slideInLeft&quot;}\" data-widget_type=\"heading.default\">\n\t\t\t\t\t<h2 class=\"elementor-heading-title elementor-size-default\">St\u00fadi\u00f3b\u00e9rl\u00e9s<\/h2>\t\t\t\t<\/div>\n\t\t\t\t\t<\/div>\n\t\t\t\t<\/div>\n\t\t<div class=\"elementor-element elementor-element-a82572f e-flex e-con-boxed e-con e-parent\" data-id=\"a82572f\" data-element_type=\"container\">\n\t\t\t\t\t<div class=\"e-con-inner\">\n\t\t\t\t<div class=\"elementor-element elementor-element-34c084d elementor-invisible elementor-widget elementor-widget-text-editor\" data-id=\"34c084d\" data-element_type=\"widget\" data-settings=\"{&quot;_animation&quot;:&quot;bounceInLeft&quot;}\" data-widget_type=\"text-editor.default\">\n\t\t\t\t\t\t\t\t\t<p>Foglalj egy st\u00fadi\u00f3t, amely alkalmazkodik a munkafolyamatodhoz. B\u00e9rl\u0151ter\u00fcnk \u00f6tv\u00f6zi a k\u00e9nyelmet, az akusztik\u00e1t \u00e9s a professzion\u00e1lis diz\u00e1jnt a z\u00f6kken\u0151mentes kreat\u00edv \u00e9lm\u00e9ny\u00e9rt. Ak\u00e1r pr\u00f3b\u00e1lsz, szak\u00e9rt\u0151i \u00fatmutat\u00e1st keresel, vagy \u00faj felszerel\u00e9st tesztelsz, gondoskodom r\u00f3lad. D\u00edj: 20 eur\u00f3 \u00f3r\u00e1nk\u00e9nt.<\/p>\t\t\t\t\t\t\t\t<\/div>\n\t\t\t\t\t<\/div>\n\t\t\t\t<\/div>\n\t\t<div class=\"elementor-element elementor-element-11a2e88 e-flex e-con-boxed e-con e-parent\" data-id=\"11a2e88\" data-element_type=\"container\">\n\t\t\t\t\t<div class=\"e-con-inner\">\n\t\t\t\t<div class=\"elementor-element elementor-element-09c0159 elementor-invisible elementor-widget elementor-widget-heading\" data-id=\"09c0159\" data-element_type=\"widget\" data-settings=\"{&quot;_animation&quot;:&quot;slideInRight&quot;}\" data-widget_type=\"heading.default\">\n\t\t\t\t\t<h2 class=\"elementor-heading-title elementor-size-default\">Beat makeing<\/h2>\t\t\t\t<\/div>\n\t\t\t\t\t<\/div>\n\t\t\t\t<\/div>\n\t\t<div class=\"elementor-element elementor-element-fb3fbfb e-flex e-con-boxed e-con e-parent\" data-id=\"fb3fbfb\" data-element_type=\"container\">\n\t\t\t\t\t<div class=\"e-con-inner\">\n\t\t\t\t<div class=\"elementor-element elementor-element-3cbf5e0 elementor-invisible elementor-widget elementor-widget-text-editor\" data-id=\"3cbf5e0\" data-element_type=\"widget\" data-settings=\"{&quot;_animation&quot;:&quot;slideInRight&quot;}\" data-widget_type=\"text-editor.default\">\n\t\t\t\t\t\t\t\t\t<p>\u201eOlyan, m\u0171fajokat \u00f6tv\u00f6z\u0151 beat-eket k\u00e9sz\u00edtek, amelyek a hip-hop, elektronikus \u00e9s dance hat\u00e1sok k\u00f6z\u00f6tt mozognak, a hangulatra, energi\u00e1ra \u00e9s \u00e9rz\u00e9sre f\u00f3kusz\u00e1lva, hogy olyan dalokat hozzak l\u00e9tre, amelyek m\u00e9lyebb szinten kapcsol\u00f3dnak. K\u00e9rlek, vedd fel velem a kapcsolatot az \u00e1r miatt, mivel az a projekt bonyolults\u00e1g\u00e1t\u00f3l f\u00fcgg.<\/p>\t\t\t\t\t\t\t\t<\/div>\n\t\t\t\t\t<\/div>\n\t\t\t\t<\/div>\n\t\t<div class=\"elementor-element elementor-element-263d643 e-flex e-con-boxed e-con e-parent\" data-id=\"263d643\" data-element_type=\"container\">\n\t\t\t\t\t<div class=\"e-con-inner\">\n\t\t\t\t<div class=\"elementor-element elementor-element-c753f2b elementor-invisible elementor-widget elementor-widget-heading\" data-id=\"c753f2b\" data-element_type=\"widget\" data-settings=\"{&quot;_animation&quot;:&quot;slideInLeft&quot;}\" data-widget_type=\"heading.default\">\n\t\t\t\t\t<h2 class=\"elementor-heading-title elementor-size-default\">T\u00e1voli helysz\u00edni felv\u00e9tel<\/h2>\t\t\t\t<\/div>\n\t\t\t\t\t<\/div>\n\t\t\t\t<\/div>\n\t\t<div class=\"elementor-element elementor-element-cb60a06 e-flex e-con-boxed e-con e-parent\" data-id=\"cb60a06\" data-element_type=\"container\">\n\t\t\t\t\t<div class=\"e-con-inner\">\n\t\t\t\t<div class=\"elementor-element elementor-element-5693f8f elementor-invisible elementor-widget elementor-widget-text-editor\" data-id=\"5693f8f\" data-element_type=\"widget\" data-settings=\"{&quot;_animation&quot;:&quot;slideInLeft&quot;}\" data-widget_type=\"text-editor.default\">\n\t\t\t\t\t\t\t\t\t<p>Sz\u00fcks\u00e9ged van egy min\u0151s\u00e9gi, k\u00e9t s\u00e1vos ambient koncertfelv\u00e9telre? Szeretn\u00e9d multitrack m\u00f3dban r\u00f6gz\u00edteni a zenekarod egy olyan helysz\u00ednen, ahol \u00e9l\u0151 vide\u00f3s felv\u00e9telt k\u00e9sz\u00edtesz? Ebben tudok seg\u00edteni. K\u00e9rlek, vedd fel velem a kapcsolatot az \u00e1r miatt, mivel az a felv\u00e9tel hossz\u00e1t\u00f3l \u00e9s bonyolults\u00e1g\u00e1t\u00f3l f\u00fcgg.<\/p>\t\t\t\t\t\t\t\t<\/div>\n\t\t\t\t\t<\/div>\n\t\t\t\t<\/div>\n\t\t\t\t<\/div>\n\t\t","protected":false},"excerpt":{"rendered":"<p>Felv\u00e9tel A st\u00fadi\u00f3m teljes k\u00f6r\u0171 audio-produkci\u00f3s szolg\u00e1ltat\u00e1sokat k\u00edn\u00e1l, minden t\u00edpus\u00fa alkot\u00f3 sz\u00e1m\u00e1ra. A zenekari felv\u00e9telekt\u0151l, helysz\u00edni felv\u00e9teleken \u00e1t, a zenei \u00e9s hangmunk\u00e1kig, rekl\u00e1mokhoz, hangosk\u00f6nyvekhez \u00e9s podcastokhoz tiszta hangz\u00e1st biztos\u00edtunk ipar\u00e1gvezet\u0151 felv\u00e9teli technol\u00f3gi\u00e1val. D\u00edj: 20 eur\u00f3 \u00f3r\u00e1nk\u00e9nt. Kever\u00e9s Nem sz\u00e1m\u00edt, hogy egy j\u00e1t\u00e9kfilm surroundban val\u00f3 kever\u00e9s\u00e9re van-e sz\u00fcks\u00e9g, nem sz\u00e1m\u00edt, hogy zene-e \u00e9s milyen m\u0171faj\u00fa, nem [&hellip;]<\/p>\n","protected":false},"author":1,"featured_media":0,"parent":0,"menu_order":0,"comment_status":"closed","ping_status":"closed","template":"","meta":{"_uag_custom_page_level_css":"","_monsterinsights_skip_tracking":false,"_monsterinsights_sitenote_active":false,"_monsterinsights_sitenote_note":"","_monsterinsights_sitenote_category":0,"ocean_post_layout":"","ocean_both_sidebars_style":"","ocean_both_sidebars_content_width":0,"ocean_both_sidebars_sidebars_width":0,"ocean_sidebar":"","ocean_second_sidebar":"","ocean_disable_margins":"enable","ocean_add_body_class":"","ocean_shortcode_before_top_bar":"","ocean_shortcode_after_top_bar":"","ocean_shortcode_before_header":"","ocean_shortcode_after_header":"","ocean_has_shortcode":"","ocean_shortcode_after_title":"","ocean_shortcode_before_footer_widgets":"","ocean_shortcode_after_footer_widgets":"","ocean_shortcode_before_footer_bottom":"","ocean_shortcode_after_footer_bottom":"","ocean_display_top_bar":"on","ocean_display_header":"on","ocean_header_style":"top","ocean_center_header_left_menu":"","ocean_custom_header_template":"","ocean_custom_logo":0,"ocean_custom_retina_logo":0,"ocean_custom_logo_max_width":0,"ocean_custom_logo_tablet_max_width":0,"ocean_custom_logo_mobile_max_width":0,"ocean_custom_logo_max_height":0,"ocean_custom_logo_tablet_max_height":0,"ocean_custom_logo_mobile_max_height":0,"ocean_header_custom_menu":"39","ocean_menu_typo_font_family":"","ocean_menu_typo_font_subset":"","ocean_menu_typo_font_size":0,"ocean_menu_typo_font_size_tablet":0,"ocean_menu_typo_font_size_mobile":0,"ocean_menu_typo_font_size_unit":"px","ocean_menu_typo_font_weight":"","ocean_menu_typo_font_weight_tablet":"","ocean_menu_typo_font_weight_mobile":"","ocean_menu_typo_transform":"","ocean_menu_typo_transform_tablet":"","ocean_menu_typo_transform_mobile":"","ocean_menu_typo_line_height":0,"ocean_menu_typo_line_height_tablet":0,"ocean_menu_typo_line_height_mobile":0,"ocean_menu_typo_line_height_unit":"","ocean_menu_typo_spacing":0,"ocean_menu_typo_spacing_tablet":0,"ocean_menu_typo_spacing_mobile":0,"ocean_menu_typo_spacing_unit":"","ocean_menu_link_color":"","ocean_menu_link_color_hover":"","ocean_menu_link_color_active":"","ocean_menu_link_background":"","ocean_menu_link_hover_background":"","ocean_menu_link_active_background":"","ocean_menu_social_links_bg":"","ocean_menu_social_hover_links_bg":"","ocean_menu_social_links_color":"","ocean_menu_social_hover_links_color":"","ocean_disable_title":"on","ocean_disable_heading":"default","ocean_post_title":"","ocean_post_subheading":"","ocean_post_title_style":"","ocean_post_title_background_color":"","ocean_post_title_background":0,"ocean_post_title_bg_image_position":"","ocean_post_title_bg_image_attachment":"","ocean_post_title_bg_image_repeat":"","ocean_post_title_bg_image_size":"","ocean_post_title_height":0,"ocean_post_title_bg_overlay":0.5,"ocean_post_title_bg_overlay_color":"","ocean_disable_breadcrumbs":"off","ocean_breadcrumbs_color":"","ocean_breadcrumbs_separator_color":"","ocean_breadcrumbs_links_color":"","ocean_breadcrumbs_links_hover_color":"","ocean_display_footer_widgets":"default","ocean_display_footer_bottom":"default","ocean_custom_footer_template":"","footnotes":""},"class_list":["post-4009","page","type-page","status-publish","hentry","entry","owp-thumbs-layout-horizontal","owp-btn-normal","owp-tabs-layout-horizontal","has-no-thumbnails","has-product-nav"],"aioseo_notices":[],"_hostinger_reach_plugin_has_subscription_block":false,"_hostinger_reach_plugin_is_elementor":false,"uagb_featured_image_src":{"full":false,"thumbnail":false,"medium":false,"medium_large":false,"large":false,"1536x1536":false,"2048x2048":false,"ocean-thumb-m":false,"ocean-thumb-ml":false,"ocean-thumb-l":false,"woocommerce_thumbnail":false,"woocommerce_single":false,"woocommerce_gallery_thumbnail":false},"uagb_author_info":{"display_name":"dstudiopro@gmail.com","author_link":"https:\/\/lukinichattila.com\/home\/author\/dstudioprogmail-com\/"},"uagb_comment_info":0,"uagb_excerpt":"Felv\u00e9tel A st\u00fadi\u00f3m teljes k\u00f6r\u0171 audio-produkci\u00f3s szolg\u00e1ltat\u00e1sokat k\u00edn\u00e1l, minden t\u00edpus\u00fa alkot\u00f3 sz\u00e1m\u00e1ra. A zenekari felv\u00e9telekt\u0151l, helysz\u00edni felv\u00e9teleken \u00e1t, a zenei \u00e9s hangmunk\u00e1kig, rekl\u00e1mokhoz, hangosk\u00f6nyvekhez \u00e9s podcastokhoz tiszta hangz\u00e1st biztos\u00edtunk ipar\u00e1gvezet\u0151 felv\u00e9teli technol\u00f3gi\u00e1val. D\u00edj: 20 eur\u00f3 \u00f3r\u00e1nk\u00e9nt. Kever\u00e9s Nem sz\u00e1m\u00edt, hogy egy j\u00e1t\u00e9kfilm surroundban val\u00f3 kever\u00e9s\u00e9re van-e sz\u00fcks\u00e9g, nem sz\u00e1m\u00edt, hogy zene-e \u00e9s milyen m\u0171faj\u00fa, nem&hellip;","_links":{"self":[{"href":"https:\/\/lukinichattila.com\/home\/wp-json\/wp\/v2\/pages\/4009","targetHints":{"allow":["GET"]}}],"collection":[{"href":"https:\/\/lukinichattila.com\/home\/wp-json\/wp\/v2\/pages"}],"about":[{"href":"https:\/\/lukinichattila.com\/home\/wp-json\/wp\/v2\/types\/page"}],"author":[{"embeddable":true,"href":"https:\/\/lukinichattila.com\/home\/wp-json\/wp\/v2\/users\/1"}],"replies":[{"embeddable":true,"href":"https:\/\/lukinichattila.com\/home\/wp-json\/wp\/v2\/comments?post=4009"}],"version-history":[{"count":7,"href":"https:\/\/lukinichattila.com\/home\/wp-json\/wp\/v2\/pages\/4009\/revisions"}],"predecessor-version":[{"id":4032,"href":"https:\/\/lukinichattila.com\/home\/wp-json\/wp\/v2\/pages\/4009\/revisions\/4032"}],"wp:attachment":[{"href":"https:\/\/lukinichattila.com\/home\/wp-json\/wp\/v2\/media?parent=4009"}],"curies":[{"name":"wp","href":"https:\/\/api.w.org\/{rel}","templated":true}]}}