{"id":3975,"date":"2026-01-26T20:47:26","date_gmt":"2026-01-26T20:47:26","guid":{"rendered":"https:\/\/lukinichattila.com\/home\/?page_id=3975"},"modified":"2026-01-26T20:53:59","modified_gmt":"2026-01-26T20:53:59","slug":"leiras","status":"publish","type":"page","link":"https:\/\/lukinichattila.com\/home\/leiras\/","title":{"rendered":"Le\u00edr\u00e1s"},"content":{"rendered":"\t\t<div data-elementor-type=\"wp-post\" data-elementor-id=\"3975\" class=\"elementor elementor-3975\">\n\t\t\t\t<div class=\"elementor-element elementor-element-521848c e-flex e-con-boxed e-con e-parent\" data-id=\"521848c\" data-element_type=\"container\">\n\t\t\t\t\t<div class=\"e-con-inner\">\n\t\t\t\t<div class=\"elementor-element elementor-element-af1fa64 elementor-widget elementor-widget-heading\" data-id=\"af1fa64\" data-element_type=\"widget\" data-widget_type=\"heading.default\">\n\t\t\t\t\t<h2 class=\"elementor-heading-title elementor-size-default\">Le\u00edr\u00e1s<\/h2>\t\t\t\t<\/div>\n\t\t\t\t\t<\/div>\n\t\t\t\t<\/div>\n\t\t<div class=\"elementor-element elementor-element-5086cfb e-flex e-con-boxed e-con e-parent\" data-id=\"5086cfb\" data-element_type=\"container\">\n\t\t\t\t\t<div class=\"e-con-inner\">\n\t\t\t\t<div class=\"elementor-element elementor-element-94a826d elementor-widget elementor-widget-text-editor\" data-id=\"94a826d\" data-element_type=\"widget\" data-widget_type=\"text-editor.default\">\n\t\t\t\t\t\t\t\t\t<p data-start=\"0\" data-end=\"623\">Amikor t\u00f6bb mint 25 \u00e9vvel ezel\u0151tt elind\u00edtottam a st\u00fadi\u00f3t, a c\u00e9lom egyszer\u0171 volt: l\u00e9trehozni egy olyan teret, ahol val\u00f3ban megragadhatom annak a zenekarnak a vizi\u00f3j\u00e1t, amelynek tagja voltam. Akkoriban nem tal\u00e1ltunk a sz\u00fcl\u0151v\u00e1rosomban olyan st\u00fadi\u00f3t, amely k\u00e9pes lett volna biztos\u00edtani a hangmin\u0151s\u00e9get amire t\u00f6rekedt\u00fcnk, an\u00e9lk\u00fcl, hogy elt\u00e9r\u00edtett volna minket a l\u00e1t\u00e1sm\u00f3dunkt\u00f3l olyan javaslatokkal, mint: \u201e\u00fagy kellene hangzanod, mint ez vagy az a zenekar.\u201d Ez a tapasztalat form\u00e1lta a munkam\u00f3dszeremet, \u00e9s ez\u00e9rt \u00e9rtem, mennyire fontos, hogy a v\u00e9geredm\u00e9ny megfeleljen a l\u00e1t\u00e1sm\u00f3dodnak \u00e9s a lehet\u0151 legautentikusabb legyen.<\/p><p data-start=\"625\" data-end=\"1105\">M\u0171szaki szempontb\u00f3l a st\u00fadi\u00f3t \u00fagy \u00e9p\u00edtett\u00e9k, hogy a zen\u00e9szek \u2014 \u00e9nekesek, hangszeresek \u00e9s producerek \u2014 k\u00e9nyelmes, koncentr\u00e1lt k\u00f6rnyezetben tudj\u00e1k felvenni, el\u0151\u00e1ll\u00edtani \u00e9s finom\u00edtani zen\u00e9j\u00fcket, korszer\u0171 eszk\u00f6z\u00f6k haszn\u00e1lat\u00e1val. A c\u00e9l egyszer\u0171: b\u00e1rmilyen hangot lehet\u0151v\u00e9 tenni. Szem\u00e9lyes szempontb\u00f3l id\u0151t sz\u00e1nok arra, hogy meg\u00e9rtsem a hangodat, a hat\u00e1saidat \u00e9s az ir\u00e1nyt, amerre menni szeretn\u00e9l, mert a nagyszer\u0171 felv\u00e9telek a bizalomra, elk\u00f6telezetts\u00e9gre \u00e9s egy\u00fcttm\u0171k\u00f6d\u00e9sre \u00e9p\u00fclnek.<\/p><p data-start=\"1107\" data-end=\"1672\" data-is-last-node=\"\" data-is-only-node=\"\">Az, hogy a projekteken, amelyeken dolgoztam, els\u0151 helyre ker\u00fcltek a r\u00e1di\u00f3s toplist\u00e1kon, hetekig a YouTube trendjeinek \u00e9l\u00e9n szerepeltek, Rom\u00e1ni\u00e1ban az \u00c9v Album\u00e1nak elismer\u00e9s\u00e9t kapt\u00e1k, vagy Billboard- \u00e9s Grammy-jel\u00f6lt m\u0171v\u00e9szekkel dolgoztam egy\u00fctt, statisztikailag j\u00f3l mutathat, de sz\u00e1momra valami sokkal fontosabbat t\u00fckr\u00f6z \u2014 a gondoskod\u00e1s \u00e9s odaad\u00e1s szintj\u00e9t, amelyet minden st\u00fadi\u00f3nkba bel\u00e9p\u0151 projekthez hozok. Ez\u00e9rt, legyen sz\u00f3 az els\u0151 dalod felv\u00e9tel\u00e9r\u0151l vagy egy k\u00e9sz projekt t\u00f6k\u00e9letes\u00edt\u00e9s\u00e9r\u0151l, a f\u00f3kusz mindig a min\u0151s\u00e9gen, a r\u00e9szleteken \u00e9s az autentikuss\u00e1gon van.<\/p>\t\t\t\t\t\t\t\t<\/div>\n\t\t\t\t\t<\/div>\n\t\t\t\t<\/div>\n\t\t\t\t<\/div>\n\t\t","protected":false},"excerpt":{"rendered":"<p>Le\u00edr\u00e1s Amikor t\u00f6bb mint 25 \u00e9vvel ezel\u0151tt elind\u00edtottam a st\u00fadi\u00f3t, a c\u00e9lom egyszer\u0171 volt: l\u00e9trehozni egy olyan teret, ahol val\u00f3ban megragadhatom annak a zenekarnak a vizi\u00f3j\u00e1t, amelynek tagja voltam. Akkoriban nem tal\u00e1ltunk a sz\u00fcl\u0151v\u00e1rosomban olyan st\u00fadi\u00f3t, amely k\u00e9pes lett volna biztos\u00edtani a hangmin\u0151s\u00e9get amire t\u00f6rekedt\u00fcnk, an\u00e9lk\u00fcl, hogy elt\u00e9r\u00edtett volna minket a l\u00e1t\u00e1sm\u00f3dunkt\u00f3l olyan javaslatokkal, mint: [&hellip;]<\/p>\n","protected":false},"author":1,"featured_media":0,"parent":0,"menu_order":0,"comment_status":"closed","ping_status":"closed","template":"","meta":{"_uag_custom_page_level_css":"","_monsterinsights_skip_tracking":false,"_monsterinsights_sitenote_active":false,"_monsterinsights_sitenote_note":"","_monsterinsights_sitenote_category":0,"ocean_post_layout":"full-screen","ocean_both_sidebars_style":"","ocean_both_sidebars_content_width":0,"ocean_both_sidebars_sidebars_width":0,"ocean_sidebar":"0","ocean_second_sidebar":"0","ocean_disable_margins":"on","ocean_add_body_class":"","ocean_shortcode_before_top_bar":"","ocean_shortcode_after_top_bar":"","ocean_shortcode_before_header":"","ocean_shortcode_after_header":"","ocean_has_shortcode":"","ocean_shortcode_after_title":"","ocean_shortcode_before_footer_widgets":"","ocean_shortcode_after_footer_widgets":"","ocean_shortcode_before_footer_bottom":"","ocean_shortcode_after_footer_bottom":"","ocean_display_top_bar":"on","ocean_display_header":"on","ocean_header_style":"top","ocean_center_header_left_menu":"0","ocean_custom_header_template":"0","ocean_custom_logo":0,"ocean_custom_retina_logo":0,"ocean_custom_logo_max_width":0,"ocean_custom_logo_tablet_max_width":0,"ocean_custom_logo_mobile_max_width":0,"ocean_custom_logo_max_height":0,"ocean_custom_logo_tablet_max_height":0,"ocean_custom_logo_mobile_max_height":0,"ocean_header_custom_menu":"39","ocean_menu_typo_font_family":"0","ocean_menu_typo_font_subset":"","ocean_menu_typo_font_size":0,"ocean_menu_typo_font_size_tablet":0,"ocean_menu_typo_font_size_mobile":0,"ocean_menu_typo_font_size_unit":"px","ocean_menu_typo_font_weight":"","ocean_menu_typo_font_weight_tablet":"","ocean_menu_typo_font_weight_mobile":"","ocean_menu_typo_transform":"","ocean_menu_typo_transform_tablet":"","ocean_menu_typo_transform_mobile":"","ocean_menu_typo_line_height":0,"ocean_menu_typo_line_height_tablet":0,"ocean_menu_typo_line_height_mobile":0,"ocean_menu_typo_line_height_unit":"","ocean_menu_typo_spacing":0,"ocean_menu_typo_spacing_tablet":0,"ocean_menu_typo_spacing_mobile":0,"ocean_menu_typo_spacing_unit":"","ocean_menu_link_color":"","ocean_menu_link_color_hover":"","ocean_menu_link_color_active":"","ocean_menu_link_background":"","ocean_menu_link_hover_background":"","ocean_menu_link_active_background":"","ocean_menu_social_links_bg":"","ocean_menu_social_hover_links_bg":"","ocean_menu_social_links_color":"","ocean_menu_social_hover_links_color":"","ocean_disable_title":"on","ocean_disable_heading":"default","ocean_post_title":"","ocean_post_subheading":"Discover more about our story","ocean_post_title_style":"background-image","ocean_post_title_background_color":"","ocean_post_title_background":510,"ocean_post_title_bg_image_position":"center center","ocean_post_title_bg_image_attachment":"","ocean_post_title_bg_image_repeat":"","ocean_post_title_bg_image_size":"","ocean_post_title_height":0,"ocean_post_title_bg_overlay":0.5,"ocean_post_title_bg_overlay_color":"","ocean_disable_breadcrumbs":"default","ocean_breadcrumbs_color":"","ocean_breadcrumbs_separator_color":"","ocean_breadcrumbs_links_color":"","ocean_breadcrumbs_links_hover_color":"","ocean_display_footer_widgets":"default","ocean_display_footer_bottom":"default","ocean_custom_footer_template":"0","footnotes":""},"class_list":["post-3975","page","type-page","status-publish","hentry","entry","owp-thumbs-layout-horizontal","owp-btn-normal","owp-tabs-layout-horizontal","has-no-thumbnails","has-product-nav"],"aioseo_notices":[],"_hostinger_reach_plugin_has_subscription_block":false,"_hostinger_reach_plugin_is_elementor":false,"uagb_featured_image_src":{"full":false,"thumbnail":false,"medium":false,"medium_large":false,"large":false,"1536x1536":false,"2048x2048":false,"ocean-thumb-m":false,"ocean-thumb-ml":false,"ocean-thumb-l":false,"woocommerce_thumbnail":false,"woocommerce_single":false,"woocommerce_gallery_thumbnail":false},"uagb_author_info":{"display_name":"dstudiopro@gmail.com","author_link":"https:\/\/lukinichattila.com\/home\/author\/dstudioprogmail-com\/"},"uagb_comment_info":0,"uagb_excerpt":"Le\u00edr\u00e1s Amikor t\u00f6bb mint 25 \u00e9vvel ezel\u0151tt elind\u00edtottam a st\u00fadi\u00f3t, a c\u00e9lom egyszer\u0171 volt: l\u00e9trehozni egy olyan teret, ahol val\u00f3ban megragadhatom annak a zenekarnak a vizi\u00f3j\u00e1t, amelynek tagja voltam. Akkoriban nem tal\u00e1ltunk a sz\u00fcl\u0151v\u00e1rosomban olyan st\u00fadi\u00f3t, amely k\u00e9pes lett volna biztos\u00edtani a hangmin\u0151s\u00e9get amire t\u00f6rekedt\u00fcnk, an\u00e9lk\u00fcl, hogy elt\u00e9r\u00edtett volna minket a l\u00e1t\u00e1sm\u00f3dunkt\u00f3l olyan javaslatokkal, mint:&hellip;","_links":{"self":[{"href":"https:\/\/lukinichattila.com\/home\/wp-json\/wp\/v2\/pages\/3975","targetHints":{"allow":["GET"]}}],"collection":[{"href":"https:\/\/lukinichattila.com\/home\/wp-json\/wp\/v2\/pages"}],"about":[{"href":"https:\/\/lukinichattila.com\/home\/wp-json\/wp\/v2\/types\/page"}],"author":[{"embeddable":true,"href":"https:\/\/lukinichattila.com\/home\/wp-json\/wp\/v2\/users\/1"}],"replies":[{"embeddable":true,"href":"https:\/\/lukinichattila.com\/home\/wp-json\/wp\/v2\/comments?post=3975"}],"version-history":[{"count":4,"href":"https:\/\/lukinichattila.com\/home\/wp-json\/wp\/v2\/pages\/3975\/revisions"}],"predecessor-version":[{"id":3980,"href":"https:\/\/lukinichattila.com\/home\/wp-json\/wp\/v2\/pages\/3975\/revisions\/3980"}],"wp:attachment":[{"href":"https:\/\/lukinichattila.com\/home\/wp-json\/wp\/v2\/media?parent=3975"}],"curies":[{"name":"wp","href":"https:\/\/api.w.org\/{rel}","templated":true}]}}