{"id":3948,"date":"2026-01-26T20:18:14","date_gmt":"2026-01-26T20:18:14","guid":{"rendered":"https:\/\/lukinichattila.com\/home\/?page_id=3948"},"modified":"2026-01-26T20:26:20","modified_gmt":"2026-01-26T20:26:20","slug":"services-prices","status":"publish","type":"page","link":"https:\/\/lukinichattila.com\/home\/services-prices\/","title":{"rendered":"Servicii\/Preturi"},"content":{"rendered":"\t\t<div data-elementor-type=\"wp-page\" data-elementor-id=\"3948\" class=\"elementor elementor-3948\">\n\t\t\t\t<div class=\"elementor-element elementor-element-8e13355 e-flex e-con-boxed e-con e-parent\" data-id=\"8e13355\" data-element_type=\"container\">\n\t\t\t\t\t<div class=\"e-con-inner\">\n\t\t\t\t<div class=\"elementor-element elementor-element-ceb8595 elementor-invisible elementor-widget elementor-widget-heading\" data-id=\"ceb8595\" data-element_type=\"widget\" data-settings=\"{&quot;_animation&quot;:&quot;slideInRight&quot;}\" data-widget_type=\"heading.default\">\n\t\t\t\t\t<h2 class=\"elementor-heading-title elementor-size-default\">\u00cenregistrare<\/h2>\t\t\t\t<\/div>\n\t\t\t\t\t<\/div>\n\t\t\t\t<\/div>\n\t\t<div class=\"elementor-element elementor-element-b35fb5c e-flex e-con-boxed e-con e-parent\" data-id=\"b35fb5c\" data-element_type=\"container\">\n\t\t\t\t\t<div class=\"e-con-inner\">\n\t\t\t\t<div class=\"elementor-element elementor-element-4c76f4a elementor-invisible elementor-widget elementor-widget-text-editor\" data-id=\"4c76f4a\" data-element_type=\"widget\" data-settings=\"{&quot;_animation&quot;:&quot;slideInRight&quot;}\" data-widget_type=\"text-editor.default\">\n\t\t\t\t\t\t\t\t\t<p>Studioul meu este un spa\u021biu de produc\u021bie audio cu servicii complete, conceput pentru creatori de orice fel. De la \u00eenregistr\u0103ri de trup\u0103, \u00eenregistr\u0103ri la loca\u021bie, produc\u021bie muzical\u0103 \u0219i voice-over, p\u00e2n\u0103 la publicitate, audiobook-uri \u0219i podcasturi, oferim sunet impecabil folosind tehnologie de \u00eenregistrare de top din industrie. Tarif: 20 euro pe or\u0103.<\/p>\t\t\t\t\t\t\t\t<\/div>\n\t\t\t\t\t<\/div>\n\t\t\t\t<\/div>\n\t\t<div class=\"elementor-element elementor-element-30e721f e-flex e-con-boxed e-con e-parent\" data-id=\"30e721f\" data-element_type=\"container\">\n\t\t\t\t\t<div class=\"e-con-inner\">\n\t\t\t\t<div class=\"elementor-element elementor-element-daf0765 elementor-invisible elementor-widget elementor-widget-heading\" data-id=\"daf0765\" data-element_type=\"widget\" data-settings=\"{&quot;_animation&quot;:&quot;slideInLeft&quot;}\" data-widget_type=\"heading.default\">\n\t\t\t\t\t<h2 class=\"elementor-heading-title elementor-size-default\">Mixaj<\/h2>\t\t\t\t<\/div>\n\t\t\t\t\t<\/div>\n\t\t\t\t<\/div>\n\t\t<div class=\"elementor-element elementor-element-3fb1b7f e-flex e-con-boxed e-con e-parent\" data-id=\"3fb1b7f\" data-element_type=\"container\">\n\t\t\t\t\t<div class=\"e-con-inner\">\n\t\t\t\t<div class=\"elementor-element elementor-element-e9aa059 elementor-invisible elementor-widget elementor-widget-text-editor\" data-id=\"e9aa059\" data-element_type=\"widget\" data-settings=\"{&quot;_animation&quot;:&quot;slideInLeft&quot;}\" data-widget_type=\"text-editor.default\">\n\t\t\t\t\t\t\t\t\t<p>Indiferent dac\u0103 este un film de lungmetraj care trebuie mixat \u00een surround, indiferent dac\u0103 este vorba de muzic\u0103 \u0219i de genul acesteia, indiferent dac\u0103 este un audiobook, un spot publicitar, o \u00eenregistrare live a unei trupe sau a unei orchestre, \u00ee\u021bi duc sunetul la poten\u021bialul s\u0103u maxim. Peste 25 de ani de experien\u021b\u0103 practic\u0103 asigur\u0103 un mix echilibrat \u0219i puternic, care se traduce excelent pe orice sistem de redare. Te rog s\u0103 m\u0103 contactezi pentru pre\u021b, deoarece acesta depinde de complexitatea proiectului.<\/p>\t\t\t\t\t\t\t\t<\/div>\n\t\t\t\t\t<\/div>\n\t\t\t\t<\/div>\n\t\t<div class=\"elementor-element elementor-element-238cd50 e-flex e-con-boxed e-con e-parent\" data-id=\"238cd50\" data-element_type=\"container\">\n\t\t\t\t\t<div class=\"e-con-inner\">\n\t\t\t\t<div class=\"elementor-element elementor-element-f60ce55 elementor-invisible elementor-widget elementor-widget-heading\" data-id=\"f60ce55\" data-element_type=\"widget\" data-settings=\"{&quot;_animation&quot;:&quot;slideInRight&quot;}\" data-widget_type=\"heading.default\">\n\t\t\t\t\t<h2 class=\"elementor-heading-title elementor-size-default\">Mastering<\/h2>\t\t\t\t<\/div>\n\t\t\t\t\t<\/div>\n\t\t\t\t<\/div>\n\t\t<div class=\"elementor-element elementor-element-82f8150 e-flex e-con-boxed e-con e-parent\" data-id=\"82f8150\" data-element_type=\"container\">\n\t\t\t\t\t<div class=\"e-con-inner\">\n\t\t\t\t<div class=\"elementor-element elementor-element-aeb02a0 elementor-invisible elementor-widget elementor-widget-text-editor\" data-id=\"aeb02a0\" data-element_type=\"widget\" data-settings=\"{&quot;_animation&quot;:&quot;slideInRight&quot;}\" data-widget_type=\"text-editor.default\">\n\t\t\t\t\t\t\t\t\t<p>\u201eOfer mastere preg\u0103tite pentru lansare, concepute pentru a concura la cel mai \u00eenalt nivel. Combin\u00e2nd instrumente moderne cu tehnic\u0103 de specialitate, asigur claritate, impact \u0219i consisten\u021b\u0103 pe toate sistemele de redare. Tarif: 20 euro per pies\u0103.<\/p>\t\t\t\t\t\t\t\t<\/div>\n\t\t\t\t\t<\/div>\n\t\t\t\t<\/div>\n\t\t<div class=\"elementor-element elementor-element-3b193f1 e-flex e-con-boxed e-con e-parent\" data-id=\"3b193f1\" data-element_type=\"container\">\n\t\t\t\t\t<div class=\"e-con-inner\">\n\t\t\t\t<div class=\"elementor-element elementor-element-5cd32af elementor-invisible elementor-widget elementor-widget-heading\" data-id=\"5cd32af\" data-element_type=\"widget\" data-settings=\"{&quot;_animation&quot;:&quot;slideInLeft&quot;}\" data-widget_type=\"heading.default\">\n\t\t\t\t\t<h2 class=\"elementor-heading-title elementor-size-default\">Voice over <\/h2>\t\t\t\t<\/div>\n\t\t\t\t\t<\/div>\n\t\t\t\t<\/div>\n\t\t<div class=\"elementor-element elementor-element-15ed972 e-flex e-con-boxed e-con e-parent\" data-id=\"15ed972\" data-element_type=\"container\">\n\t\t\t\t\t<div class=\"e-con-inner\">\n\t\t\t\t<div class=\"elementor-element elementor-element-a8e397c elementor-invisible elementor-widget elementor-widget-text-editor\" data-id=\"a8e397c\" data-element_type=\"widget\" data-settings=\"{&quot;_animation&quot;:&quot;slideInLeft&quot;}\" data-widget_type=\"text-editor.default\">\n\t\t\t\t\t\t\t\t\t<p>Studioul meu ofer\u0103 o camer\u0103 de \u00eenregistrare tratat\u0103 acustic, microfoane premium \u0219i echipamente de \u00eenregistrare pentru a surprinde performan\u021be captivante pentru reclame, filme, audiobook-uri \u0219i media digital\u0103. Tarif: 20 euro pe or\u0103.<\/p>\t\t\t\t\t\t\t\t<\/div>\n\t\t\t\t\t<\/div>\n\t\t\t\t<\/div>\n\t\t<div class=\"elementor-element elementor-element-4944b16 e-flex e-con-boxed e-con e-parent\" data-id=\"4944b16\" data-element_type=\"container\">\n\t\t\t\t\t<div class=\"e-con-inner\">\n\t\t\t\t<div class=\"elementor-element elementor-element-90a07dc elementor-invisible elementor-widget elementor-widget-heading\" data-id=\"90a07dc\" data-element_type=\"widget\" data-settings=\"{&quot;_animation&quot;:&quot;slideInRight&quot;}\" data-widget_type=\"heading.default\">\n\t\t\t\t\t<h2 class=\"elementor-heading-title elementor-size-default\">Productie audio<\/h2>\t\t\t\t<\/div>\n\t\t\t\t\t<\/div>\n\t\t\t\t<\/div>\n\t\t<div class=\"elementor-element elementor-element-e5457ce e-flex e-con-boxed e-con e-parent\" data-id=\"e5457ce\" data-element_type=\"container\">\n\t\t\t\t\t<div class=\"e-con-inner\">\n\t\t\t\t<div class=\"elementor-element elementor-element-eb2efb6 elementor-invisible elementor-widget elementor-widget-text-editor\" data-id=\"eb2efb6\" data-element_type=\"widget\" data-settings=\"{&quot;_animation&quot;:&quot;slideInRight&quot;}\" data-widget_type=\"text-editor.default\">\n\t\t\t\t\t\t\t\t\t<p>\u00ce\u021bi sus\u021bin proiectul \u00een fiecare etap\u0103, ajut\u00e2nd la transformarea ideilor brute \u00een produc\u021bii complete, de calitate de studio. Tarif: 20 euro pe or\u0103.<\/p>\t\t\t\t\t\t\t\t<\/div>\n\t\t\t\t\t<\/div>\n\t\t\t\t<\/div>\n\t\t<div class=\"elementor-element elementor-element-2db10a8 e-flex e-con-boxed e-con e-parent\" data-id=\"2db10a8\" data-element_type=\"container\">\n\t\t\t\t\t<div class=\"e-con-inner\">\n\t\t\t\t<div class=\"elementor-element elementor-element-ec53605 elementor-invisible elementor-widget elementor-widget-heading\" data-id=\"ec53605\" data-element_type=\"widget\" data-settings=\"{&quot;_animation&quot;:&quot;slideInLeft&quot;}\" data-widget_type=\"heading.default\">\n\t\t\t\t\t<h2 class=\"elementor-heading-title elementor-size-default\">Inchiriere studio<\/h2>\t\t\t\t<\/div>\n\t\t\t\t\t<\/div>\n\t\t\t\t<\/div>\n\t\t<div class=\"elementor-element elementor-element-a82572f e-flex e-con-boxed e-con e-parent\" data-id=\"a82572f\" data-element_type=\"container\">\n\t\t\t\t\t<div class=\"e-con-inner\">\n\t\t\t\t<div class=\"elementor-element elementor-element-34c084d elementor-invisible elementor-widget elementor-widget-text-editor\" data-id=\"34c084d\" data-element_type=\"widget\" data-settings=\"{&quot;_animation&quot;:&quot;bounceInLeft&quot;}\" data-widget_type=\"text-editor.default\">\n\t\t\t\t\t\t\t\t\t<p>\u201eRezerv\u0103 un studio care se adapteaz\u0103 procesului t\u0103u. Spa\u021biul nostru de \u00eenchiriere combin\u0103 confortul, acustica \u0219i designul profesional pentru o experien\u021b\u0103 creativ\u0103 f\u0103r\u0103 \u00eentreruperi. Fie c\u0103 repe\u021bi, c\u0103uta\u021bi \u00eendrumare de specialitate sau testezi echipamente noi, ai apelat la cine trebuie. Tarif: 20 euro pe or\u0103.<\/p>\t\t\t\t\t\t\t\t<\/div>\n\t\t\t\t\t<\/div>\n\t\t\t\t<\/div>\n\t\t<div class=\"elementor-element elementor-element-11a2e88 e-flex e-con-boxed e-con e-parent\" data-id=\"11a2e88\" data-element_type=\"container\">\n\t\t\t\t\t<div class=\"e-con-inner\">\n\t\t\t\t<div class=\"elementor-element elementor-element-09c0159 elementor-invisible elementor-widget elementor-widget-heading\" data-id=\"09c0159\" data-element_type=\"widget\" data-settings=\"{&quot;_animation&quot;:&quot;slideInRight&quot;}\" data-widget_type=\"heading.default\">\n\t\t\t\t\t<h2 class=\"elementor-heading-title elementor-size-default\">Beat makeing<\/h2>\t\t\t\t<\/div>\n\t\t\t\t\t<\/div>\n\t\t\t\t<\/div>\n\t\t<div class=\"elementor-element elementor-element-fb3fbfb e-flex e-con-boxed e-con e-parent\" data-id=\"fb3fbfb\" data-element_type=\"container\">\n\t\t\t\t\t<div class=\"e-con-inner\">\n\t\t\t\t<div class=\"elementor-element elementor-element-3cbf5e0 elementor-invisible elementor-widget elementor-widget-text-editor\" data-id=\"3cbf5e0\" data-element_type=\"widget\" data-settings=\"{&quot;_animation&quot;:&quot;slideInRight&quot;}\" data-widget_type=\"text-editor.default\">\n\t\t\t\t\t\t\t\t\t<p>\u201eProduc beat-uri care combin\u0103 genuri, trec\u00e2nd \u00eentre influen\u021be hip-hop, electronic \u0219i dance, concentr\u00e2ndu-m\u0103 pe atmosfer\u0103, energie \u0219i emo\u021bie pentru a crea piese care conecteaz\u0103 la un nivel mai profund. Te rog s\u0103 m\u0103 contactezi pentru pre\u021b, deoarece acesta depinde de complexitatea proiectului.<\/p>\t\t\t\t\t\t\t\t<\/div>\n\t\t\t\t\t<\/div>\n\t\t\t\t<\/div>\n\t\t<div class=\"elementor-element elementor-element-263d643 e-flex e-con-boxed e-con e-parent\" data-id=\"263d643\" data-element_type=\"container\">\n\t\t\t\t\t<div class=\"e-con-inner\">\n\t\t\t\t<div class=\"elementor-element elementor-element-c753f2b elementor-widget elementor-widget-heading\" data-id=\"c753f2b\" data-element_type=\"widget\" data-widget_type=\"heading.default\">\n\t\t\t\t\t<h2 class=\"elementor-heading-title elementor-size-default\">Inregistrare la locatie<\/h2>\t\t\t\t<\/div>\n\t\t\t\t\t<\/div>\n\t\t\t\t<\/div>\n\t\t<div class=\"elementor-element elementor-element-cb60a06 e-flex e-con-boxed e-con e-parent\" data-id=\"cb60a06\" data-element_type=\"container\">\n\t\t\t\t\t<div class=\"e-con-inner\">\n\t\t\t\t<div class=\"elementor-element elementor-element-5693f8f elementor-widget elementor-widget-text-editor\" data-id=\"5693f8f\" data-element_type=\"widget\" data-widget_type=\"text-editor.default\">\n\t\t\t\t\t\t\t\t\t<p>Ai nevoie de o \u00eenregistrare ambient de concert de calitate pe dou\u0103 piste? Vrei s\u0103 \u00eenregistrezi \u00een multitrack trupa ta \u00eentr-o loca\u021bie unde filmezi o sesiune live video? Te pot ajuta cu asta. Te rog s\u0103 m\u0103 contactezi pentru pre\u021b, deoarece acesta depinde de durata \u0219i complexitatea \u00eenregistr\u0103rii.<\/p>\t\t\t\t\t\t\t\t<\/div>\n\t\t\t\t\t<\/div>\n\t\t\t\t<\/div>\n\t\t\t\t<\/div>\n\t\t","protected":false},"excerpt":{"rendered":"<p>\u00cenregistrare Studioul meu este un spa\u021biu de produc\u021bie audio cu servicii complete, conceput pentru creatori de orice fel. De la \u00eenregistr\u0103ri de trup\u0103, \u00eenregistr\u0103ri la loca\u021bie, produc\u021bie muzical\u0103 \u0219i voice-over, p\u00e2n\u0103 la publicitate, audiobook-uri \u0219i podcasturi, oferim sunet impecabil folosind tehnologie de \u00eenregistrare de top din industrie. Tarif: 20 euro pe or\u0103. Mixaj Indiferent dac\u0103 [&hellip;]<\/p>\n","protected":false},"author":1,"featured_media":0,"parent":0,"menu_order":0,"comment_status":"closed","ping_status":"closed","template":"","meta":{"_uag_custom_page_level_css":"","_monsterinsights_skip_tracking":false,"_monsterinsights_sitenote_active":false,"_monsterinsights_sitenote_note":"","_monsterinsights_sitenote_category":0,"ocean_post_layout":"","ocean_both_sidebars_style":"","ocean_both_sidebars_content_width":0,"ocean_both_sidebars_sidebars_width":0,"ocean_sidebar":"","ocean_second_sidebar":"","ocean_disable_margins":"enable","ocean_add_body_class":"","ocean_shortcode_before_top_bar":"","ocean_shortcode_after_top_bar":"","ocean_shortcode_before_header":"","ocean_shortcode_after_header":"","ocean_has_shortcode":"","ocean_shortcode_after_title":"","ocean_shortcode_before_footer_widgets":"","ocean_shortcode_after_footer_widgets":"","ocean_shortcode_before_footer_bottom":"","ocean_shortcode_after_footer_bottom":"","ocean_display_top_bar":"on","ocean_display_header":"on","ocean_header_style":"top","ocean_center_header_left_menu":"","ocean_custom_header_template":"","ocean_custom_logo":0,"ocean_custom_retina_logo":0,"ocean_custom_logo_max_width":0,"ocean_custom_logo_tablet_max_width":0,"ocean_custom_logo_mobile_max_width":0,"ocean_custom_logo_max_height":0,"ocean_custom_logo_tablet_max_height":0,"ocean_custom_logo_mobile_max_height":0,"ocean_header_custom_menu":"38","ocean_menu_typo_font_family":"","ocean_menu_typo_font_subset":"","ocean_menu_typo_font_size":0,"ocean_menu_typo_font_size_tablet":0,"ocean_menu_typo_font_size_mobile":0,"ocean_menu_typo_font_size_unit":"px","ocean_menu_typo_font_weight":"","ocean_menu_typo_font_weight_tablet":"","ocean_menu_typo_font_weight_mobile":"","ocean_menu_typo_transform":"","ocean_menu_typo_transform_tablet":"","ocean_menu_typo_transform_mobile":"","ocean_menu_typo_line_height":0,"ocean_menu_typo_line_height_tablet":0,"ocean_menu_typo_line_height_mobile":0,"ocean_menu_typo_line_height_unit":"","ocean_menu_typo_spacing":0,"ocean_menu_typo_spacing_tablet":0,"ocean_menu_typo_spacing_mobile":0,"ocean_menu_typo_spacing_unit":"","ocean_menu_link_color":"","ocean_menu_link_color_hover":"","ocean_menu_link_color_active":"","ocean_menu_link_background":"","ocean_menu_link_hover_background":"","ocean_menu_link_active_background":"","ocean_menu_social_links_bg":"","ocean_menu_social_hover_links_bg":"","ocean_menu_social_links_color":"","ocean_menu_social_hover_links_color":"","ocean_disable_title":"on","ocean_disable_heading":"default","ocean_post_title":"","ocean_post_subheading":"","ocean_post_title_style":"","ocean_post_title_background_color":"","ocean_post_title_background":0,"ocean_post_title_bg_image_position":"","ocean_post_title_bg_image_attachment":"","ocean_post_title_bg_image_repeat":"","ocean_post_title_bg_image_size":"","ocean_post_title_height":0,"ocean_post_title_bg_overlay":0.5,"ocean_post_title_bg_overlay_color":"","ocean_disable_breadcrumbs":"off","ocean_breadcrumbs_color":"","ocean_breadcrumbs_separator_color":"","ocean_breadcrumbs_links_color":"","ocean_breadcrumbs_links_hover_color":"","ocean_display_footer_widgets":"default","ocean_display_footer_bottom":"default","ocean_custom_footer_template":"","footnotes":""},"class_list":["post-3948","page","type-page","status-publish","hentry","entry","owp-thumbs-layout-horizontal","owp-btn-normal","owp-tabs-layout-horizontal","has-no-thumbnails","has-product-nav"],"aioseo_notices":[],"_hostinger_reach_plugin_has_subscription_block":false,"_hostinger_reach_plugin_is_elementor":false,"uagb_featured_image_src":{"full":false,"thumbnail":false,"medium":false,"medium_large":false,"large":false,"1536x1536":false,"2048x2048":false,"ocean-thumb-m":false,"ocean-thumb-ml":false,"ocean-thumb-l":false,"woocommerce_thumbnail":false,"woocommerce_single":false,"woocommerce_gallery_thumbnail":false},"uagb_author_info":{"display_name":"dstudiopro@gmail.com","author_link":"https:\/\/lukinichattila.com\/home\/author\/dstudioprogmail-com\/"},"uagb_comment_info":0,"uagb_excerpt":"\u00cenregistrare Studioul meu este un spa\u021biu de produc\u021bie audio cu servicii complete, conceput pentru creatori de orice fel. De la \u00eenregistr\u0103ri de trup\u0103, \u00eenregistr\u0103ri la loca\u021bie, produc\u021bie muzical\u0103 \u0219i voice-over, p\u00e2n\u0103 la publicitate, audiobook-uri \u0219i podcasturi, oferim sunet impecabil folosind tehnologie de \u00eenregistrare de top din industrie. Tarif: 20 euro pe or\u0103. Mixaj Indiferent dac\u0103&hellip;","_links":{"self":[{"href":"https:\/\/lukinichattila.com\/home\/wp-json\/wp\/v2\/pages\/3948","targetHints":{"allow":["GET"]}}],"collection":[{"href":"https:\/\/lukinichattila.com\/home\/wp-json\/wp\/v2\/pages"}],"about":[{"href":"https:\/\/lukinichattila.com\/home\/wp-json\/wp\/v2\/types\/page"}],"author":[{"embeddable":true,"href":"https:\/\/lukinichattila.com\/home\/wp-json\/wp\/v2\/users\/1"}],"replies":[{"embeddable":true,"href":"https:\/\/lukinichattila.com\/home\/wp-json\/wp\/v2\/comments?post=3948"}],"version-history":[{"count":5,"href":"https:\/\/lukinichattila.com\/home\/wp-json\/wp\/v2\/pages\/3948\/revisions"}],"predecessor-version":[{"id":3953,"href":"https:\/\/lukinichattila.com\/home\/wp-json\/wp\/v2\/pages\/3948\/revisions\/3953"}],"wp:attachment":[{"href":"https:\/\/lukinichattila.com\/home\/wp-json\/wp\/v2\/media?parent=3948"}],"curies":[{"name":"wp","href":"https:\/\/api.w.org\/{rel}","templated":true}]}}