{"id":3915,"date":"2026-01-26T19:56:07","date_gmt":"2026-01-26T19:56:07","guid":{"rendered":"https:\/\/lukinichattila.com\/home\/?page_id=3915"},"modified":"2026-01-26T20:44:32","modified_gmt":"2026-01-26T20:44:32","slug":"despre-mine","status":"publish","type":"page","link":"https:\/\/lukinichattila.com\/home\/despre-mine\/","title":{"rendered":"Descriere"},"content":{"rendered":"\t\t<div data-elementor-type=\"wp-post\" data-elementor-id=\"3915\" class=\"elementor elementor-3915\">\n\t\t\t\t<div class=\"elementor-element elementor-element-521848c e-flex e-con-boxed e-con e-parent\" data-id=\"521848c\" data-element_type=\"container\">\n\t\t\t\t\t<div class=\"e-con-inner\">\n\t\t\t\t<div class=\"elementor-element elementor-element-af1fa64 elementor-widget elementor-widget-heading\" data-id=\"af1fa64\" data-element_type=\"widget\" data-widget_type=\"heading.default\">\n\t\t\t\t\t<h2 class=\"elementor-heading-title elementor-size-default\">Descriere<\/h2>\t\t\t\t<\/div>\n\t\t\t\t\t<\/div>\n\t\t\t\t<\/div>\n\t\t<div class=\"elementor-element elementor-element-5086cfb e-flex e-con-boxed e-con e-parent\" data-id=\"5086cfb\" data-element_type=\"container\">\n\t\t\t\t\t<div class=\"e-con-inner\">\n\t\t\t\t<div class=\"elementor-element elementor-element-94a826d elementor-widget elementor-widget-text-editor\" data-id=\"94a826d\" data-element_type=\"widget\" data-widget_type=\"text-editor.default\">\n\t\t\t\t\t\t\t\t\t<p data-start=\"26\" data-end=\"616\">C\u00e2nd am pornit studioul, acum peste 25 de ani, obiectivul meu a fost simplu: s\u0103 creez un spa\u021biu \u00een care s\u0103 pot surprinde cu adev\u0103rat viziunea trupei din care f\u0103ceam parte. La acea vreme, nu reu\u0219eam s\u0103 g\u0103sim \u00een ora\u0219ul meu un studio care s\u0103 ofere calitatea sunetului pe care o c\u0103utam, f\u0103r\u0103 s\u0103 ne \u00eendep\u0103rteze de viziunea noastr\u0103 prin sugestii de genul \u00abar trebui s\u0103 suni ca artistul cutare sau cutare\u00bb. Acea experien\u021b\u0103 mi-a modelat modul de lucru \u0219i este motivul pentru care \u00een\u021beleg c\u00e2t de important este ca rezultatul final s\u0103 se potriveasc\u0103 viziunii tale \u0219i s\u0103 fie c\u00e2t mai autentic posibil.<\/p><p data-start=\"618\" data-end=\"1136\">Din punct de vedere tehnic, studioul a fost construit ca un spa\u021biu \u00een care muzicienii \u2014 vocali\u0219ti, instrumenti\u0219ti \u0219i produc\u0103tori \u2014 pot \u00eenregistra, produce \u0219i perfec\u021biona muzica lor \u00eentr-un mediu confortabil \u0219i concentrat, folosind echipamente de ultim\u0103 genera\u021bie. Scopul este simplu: s\u0103 facem posibil orice sunet. Din punct de vedere personal, \u00eemi fac timp s\u0103 \u00een\u021beleg sunetul t\u0103u, influen\u021bele tale \u0219i direc\u021bia \u00een care vrei s\u0103 mergi, pentru c\u0103 \u00eenregistr\u0103rile grozave se construiesc pe \u00eencredere, dedicare \u0219i colaborare.<\/p><p data-start=\"1138\" data-end=\"1742\" data-is-last-node=\"\" data-is-only-node=\"\">Faptul c\u0103 proiecte la care am lucrat au ajuns pe locul \u00eent\u00e2i \u00een topurile radio, au petrecut s\u0103pt\u0103m\u00e2ni \u00eentregi \u00een topul tendin\u021belor pe YouTube, au primit recunoa\u0219tere pentru Albumul Anului \u00een Rom\u00e2nia sau c\u0103 am lucrat cu arti\u0219ti nominaliza\u021bi la Billboard sau Grammy poate ar\u0103ta bine \u00een statistici, dar pentru mine reflect\u0103 ceva mult mai important \u2014 nivelul de grij\u0103 \u0219i dedicare pe care \u00eel aduc fiec\u0103rui proiect care trece pragul studioului. De aceea, fie c\u0103 \u00eenregistrezi prima ta pies\u0103 sau perfec\u021bionezi un proiect finalizat, accentul este \u00eentotdeauna pus pe calitate, aten\u021bia la detalii \u0219i autenticitate.<\/p>\t\t\t\t\t\t\t\t<\/div>\n\t\t\t\t\t<\/div>\n\t\t\t\t<\/div>\n\t\t\t\t<\/div>\n\t\t","protected":false},"excerpt":{"rendered":"<p>Descriere C\u00e2nd am pornit studioul, acum peste 25 de ani, obiectivul meu a fost simplu: s\u0103 creez un spa\u021biu \u00een care s\u0103 pot surprinde cu adev\u0103rat viziunea trupei din care f\u0103ceam parte. La acea vreme, nu reu\u0219eam s\u0103 g\u0103sim \u00een ora\u0219ul meu un studio care s\u0103 ofere calitatea sunetului pe care o c\u0103utam, f\u0103r\u0103 s\u0103 [&hellip;]<\/p>\n","protected":false},"author":1,"featured_media":0,"parent":0,"menu_order":0,"comment_status":"closed","ping_status":"closed","template":"","meta":{"_uag_custom_page_level_css":"","_monsterinsights_skip_tracking":false,"_monsterinsights_sitenote_active":false,"_monsterinsights_sitenote_note":"","_monsterinsights_sitenote_category":0,"ocean_post_layout":"full-screen","ocean_both_sidebars_style":"","ocean_both_sidebars_content_width":0,"ocean_both_sidebars_sidebars_width":0,"ocean_sidebar":"0","ocean_second_sidebar":"0","ocean_disable_margins":"on","ocean_add_body_class":"","ocean_shortcode_before_top_bar":"","ocean_shortcode_after_top_bar":"","ocean_shortcode_before_header":"","ocean_shortcode_after_header":"","ocean_has_shortcode":"","ocean_shortcode_after_title":"","ocean_shortcode_before_footer_widgets":"","ocean_shortcode_after_footer_widgets":"","ocean_shortcode_before_footer_bottom":"","ocean_shortcode_after_footer_bottom":"","ocean_display_top_bar":"on","ocean_display_header":"on","ocean_header_style":"top","ocean_center_header_left_menu":"0","ocean_custom_header_template":"0","ocean_custom_logo":0,"ocean_custom_retina_logo":0,"ocean_custom_logo_max_width":0,"ocean_custom_logo_tablet_max_width":0,"ocean_custom_logo_mobile_max_width":0,"ocean_custom_logo_max_height":0,"ocean_custom_logo_tablet_max_height":0,"ocean_custom_logo_mobile_max_height":0,"ocean_header_custom_menu":"38","ocean_menu_typo_font_family":"0","ocean_menu_typo_font_subset":"","ocean_menu_typo_font_size":0,"ocean_menu_typo_font_size_tablet":0,"ocean_menu_typo_font_size_mobile":0,"ocean_menu_typo_font_size_unit":"px","ocean_menu_typo_font_weight":"","ocean_menu_typo_font_weight_tablet":"","ocean_menu_typo_font_weight_mobile":"","ocean_menu_typo_transform":"","ocean_menu_typo_transform_tablet":"","ocean_menu_typo_transform_mobile":"","ocean_menu_typo_line_height":0,"ocean_menu_typo_line_height_tablet":0,"ocean_menu_typo_line_height_mobile":0,"ocean_menu_typo_line_height_unit":"","ocean_menu_typo_spacing":0,"ocean_menu_typo_spacing_tablet":0,"ocean_menu_typo_spacing_mobile":0,"ocean_menu_typo_spacing_unit":"","ocean_menu_link_color":"","ocean_menu_link_color_hover":"","ocean_menu_link_color_active":"","ocean_menu_link_background":"","ocean_menu_link_hover_background":"","ocean_menu_link_active_background":"","ocean_menu_social_links_bg":"","ocean_menu_social_hover_links_bg":"","ocean_menu_social_links_color":"","ocean_menu_social_hover_links_color":"","ocean_disable_title":"on","ocean_disable_heading":"default","ocean_post_title":"","ocean_post_subheading":"Discover more about our story","ocean_post_title_style":"background-image","ocean_post_title_background_color":"","ocean_post_title_background":510,"ocean_post_title_bg_image_position":"center center","ocean_post_title_bg_image_attachment":"","ocean_post_title_bg_image_repeat":"","ocean_post_title_bg_image_size":"","ocean_post_title_height":0,"ocean_post_title_bg_overlay":0.5,"ocean_post_title_bg_overlay_color":"","ocean_disable_breadcrumbs":"default","ocean_breadcrumbs_color":"","ocean_breadcrumbs_separator_color":"","ocean_breadcrumbs_links_color":"","ocean_breadcrumbs_links_hover_color":"","ocean_display_footer_widgets":"default","ocean_display_footer_bottom":"default","ocean_custom_footer_template":"0","footnotes":""},"class_list":["post-3915","page","type-page","status-publish","hentry","entry","owp-thumbs-layout-horizontal","owp-btn-normal","owp-tabs-layout-horizontal","has-no-thumbnails","has-product-nav"],"aioseo_notices":[],"_hostinger_reach_plugin_has_subscription_block":false,"_hostinger_reach_plugin_is_elementor":false,"uagb_featured_image_src":{"full":false,"thumbnail":false,"medium":false,"medium_large":false,"large":false,"1536x1536":false,"2048x2048":false,"ocean-thumb-m":false,"ocean-thumb-ml":false,"ocean-thumb-l":false,"woocommerce_thumbnail":false,"woocommerce_single":false,"woocommerce_gallery_thumbnail":false},"uagb_author_info":{"display_name":"dstudiopro@gmail.com","author_link":"https:\/\/lukinichattila.com\/home\/author\/dstudioprogmail-com\/"},"uagb_comment_info":0,"uagb_excerpt":"Descriere C\u00e2nd am pornit studioul, acum peste 25 de ani, obiectivul meu a fost simplu: s\u0103 creez un spa\u021biu \u00een care s\u0103 pot surprinde cu adev\u0103rat viziunea trupei din care f\u0103ceam parte. La acea vreme, nu reu\u0219eam s\u0103 g\u0103sim \u00een ora\u0219ul meu un studio care s\u0103 ofere calitatea sunetului pe care o c\u0103utam, f\u0103r\u0103 s\u0103&hellip;","_links":{"self":[{"href":"https:\/\/lukinichattila.com\/home\/wp-json\/wp\/v2\/pages\/3915","targetHints":{"allow":["GET"]}}],"collection":[{"href":"https:\/\/lukinichattila.com\/home\/wp-json\/wp\/v2\/pages"}],"about":[{"href":"https:\/\/lukinichattila.com\/home\/wp-json\/wp\/v2\/types\/page"}],"author":[{"embeddable":true,"href":"https:\/\/lukinichattila.com\/home\/wp-json\/wp\/v2\/users\/1"}],"replies":[{"embeddable":true,"href":"https:\/\/lukinichattila.com\/home\/wp-json\/wp\/v2\/comments?post=3915"}],"version-history":[{"count":11,"href":"https:\/\/lukinichattila.com\/home\/wp-json\/wp\/v2\/pages\/3915\/revisions"}],"predecessor-version":[{"id":3974,"href":"https:\/\/lukinichattila.com\/home\/wp-json\/wp\/v2\/pages\/3915\/revisions\/3974"}],"wp:attachment":[{"href":"https:\/\/lukinichattila.com\/home\/wp-json\/wp\/v2\/media?parent=3915"}],"curies":[{"name":"wp","href":"https:\/\/api.w.org\/{rel}","templated":true}]}}